{"id":2036,"date":"2022-05-23T13:38:15","date_gmt":"2022-05-23T13:38:15","guid":{"rendered":"https:\/\/viuelmon.com\/politica-de-privacitat\/"},"modified":"2022-05-23T13:38:16","modified_gmt":"2022-05-23T13:38:16","slug":"politica-de-privacitat","status":"publish","type":"page","link":"https:\/\/viuelmon.com\/es\/politica-de-privacitat\/","title":{"rendered":"Pol\u00edtica de Privacitat"},"content":{"rendered":"<div class=\"wpb-content-wrapper\"><p>[vc_row row_type=\u00bbrow\u00bb use_row_as_full_screen_section=\u00bbno\u00bb type=\u00bbfull_width\u00bb text_align=\u00bbleft\u00bb background_animation=\u00bbnone\u00bb css_animation=\u00bb\u00bb][vc_column][vc_empty_space height=\u00bb20px\u00bb][vc_column_text]<\/p>\n<p>&nbsp;<\/p>\n<p>&nbsp;<\/p>\n<p>[\/vc_column_text][vc_empty_space height=\u00bb80px\u00bb][vc_row_inner row_type=\u00bbrow\u00bb type=\u00bbfull_width\u00bb use_row_as_full_screen_section_slide=\u00bbno\u00bb text_align=\u00bbleft\u00bb css_animation=\u00bb\u00bb][vc_column_inner width=\u00bb1\/2&#8243;][vc_column_text]<\/p>\n<p>El responsable de esta web ha adecuado la web a las exigencias del Reglamento (UE) 2016\/679 del Parlamento Europeo y del Consejo de 27 de abril de 2016 relativo a la protecci\u00f3n de datos de las personas f\u00edsicas en lo que respecta al tratamiento de datos personales y a la libre circulaci\u00f3n de estos datos y por el que se deroga la Directiva 95\/46\/CE (RGPD), as\u00ed como con la Ley 34\/2002, de 11 de julio, de Servicios de la Sociedad de la Informaci\u00f3n y Comercio Electr\u00f3nico (LSSICE o LSSI).<\/p>\n<p><em>\u00a0<\/em><\/p>\n<p><strong>DATOS IDENTIFICATIVOSYRESPONSABLE DEL TRATAMIENTO DE DATOS PERSONALES<\/strong><\/p>\n<p><strong>\u00a0<\/strong><\/p>\n<p><strong>Identidad del Responsable:<\/strong> Viu el m\u00f3n viatges sl<\/p>\n<p><strong>NIF\/CIF:<\/strong> B64421795<\/p>\n<p><strong>Direcci\u00f3n:<\/strong> Mare de D\u00e9u del Pilar, 112 Local C1, 08440 &#8211; Cardedeu<\/p>\n<p><strong>Email:<\/strong> info@viuelmon.com<\/p>\n<p>&nbsp;<\/p>\n<p>Todos los datos personales tratados por <strong>Viu el m\u00f3n viatges SL<\/strong> (en adelante, \u201cel titular\u201d) en relaci\u00f3n con la presente Pol\u00edtica de Privacidad est\u00e1n controlados por el titular, que es responsable del tratamiento de sus datos personales bajo las leyes de protecci\u00f3n de datos de la Uni\u00f3n Europea y Espa\u00f1a.<\/p>\n<p>&nbsp;<\/p>\n<p>Cualquier prestador de servicios ajeno al titularser\u00e1 responsable del tratamiento individualmente. Podr\u00e1 acceder a las pol\u00edticas de privacidad de otros proveedores dirigi\u00e9ndose directamente a los mismos.<\/p>\n<p>&nbsp;<\/p>\n<p><strong>NUESTRO COMPROMISO CON LA PRIVACIDAD<\/strong><\/p>\n<p>&nbsp;<\/p>\n<p>En el tratamiento de tus datos personales, aplicaremos los siguientes principios que se ajustan a las exigencias del nuevo reglamento europeo de protecci\u00f3n de datos:<\/p>\n<p>&nbsp;<\/p>\n<p>Principio de licitud, lealtad y transparencia:<\/p>\n<p>Siempre vamos a requerir su consentimiento para el tratamiento de sus datos personales para uno o varios fines espec\u00edficos, de los que le informaremos con absoluta transparencia.<\/p>\n<p>&nbsp;<\/p>\n<p>Principio de minimizaci\u00f3n de datos:<\/p>\n<p>Solo vamos a solicitar datos estrictamente necesarios en relaci\u00f3n con los fines para los que los requerimos.<\/p>\n<p>&nbsp;<\/p>\n<p>Principio de limitaci\u00f3n del plazo de conservaci\u00f3n:<\/p>\n<p>Los datos ser\u00e1n mantenidos durante no m\u00e1s tiempo del necesario para los fines del tratamiento, en funci\u00f3n a la finalidad.<\/p>\n<p>&nbsp;<\/p>\n<p>Principio de integridad y confidencialidad:<\/p>\n<p>Sus datos ser\u00e1n tratados de tal manera que se garantice una seguridad adecuada de los datos personales y se garantice confidencialidad. Tomamos todas las precauciones necesarias para evitar el acceso no autorizado o uso indebido de los datos de nuestros usuarios por parte de terceros.<\/p>\n<p>&nbsp;<\/p>\n<p><strong>LEGITIMACI\u00d3N PARA EL TRATAMIENTO DE SUS DATOS<\/strong><\/p>\n<p>&nbsp;<\/p>\n<p>La base legal para el tratamiento de sus datos es el consentimiento y, en caso de contratar nuestros servicios, la ejecuci\u00f3n de dicho contrato.<\/p>\n<p>&nbsp;<\/p>\n<p>Para contactar con nosotros mediante esta web, o para realizar comentarios, se requiere la aceptaci\u00f3n de esta pol\u00edtica de privacidad.<\/p>\n<p>&nbsp;<\/p>\n<p>La oferta prospectiva o comercial de productos y servicios est\u00e1 basada en el consentimiento que se le solicita.<\/p>\n<p>&nbsp;<\/p>\n<p><strong>\u00bfQU\u00c9 ENTENDEMOS POR DATOS PERSONALES?<\/strong><\/p>\n<p>&nbsp;<\/p>\n<p>Se entiende por datos personales aquellos datos que le identifican o podr\u00edan emplearse para ello, como por ejemplo su nombre, datos de contacto o su historial de compras. Tambi\u00e9n podr\u00e1 incluir informaci\u00f3n sobre c\u00f3mo navega y utiliza nuestro sitio web y aplicaciones para el m\u00f3vil.<\/p>\n<p>&nbsp;<\/p>\n<p><strong>\u00bfCU\u00c1NDO ES APLICABLE ESTA POL\u00cdTICA?<\/strong><\/p>\n<p><strong>\u00a0<\/strong><\/p>\n<p>Esta Pol\u00edtica es aplicable a los datos personales que recabamos, usamos y tratamos en el marco de su relaci\u00f3n con nosotros como cliente o potencial cliente, incluyendo cuando utiliza nuestros servicios, cuando navega en nuestra web o cuando contacta con nosotros por cualquier medio.<\/p>\n<p>&nbsp;<\/p>\n<p><strong>\u00bfCU\u00c1NDO RECABAMOS SUS DATOS PERSONALES?<\/strong><\/p>\n<p>&nbsp;<\/p>\n<p>Recabamos datos personales sobre usted cada vez que utiliza nuestros servicios, incluyendo cuando visita nuestro sitio web o cuando interact\u00faa con nosotros por medios electr\u00f3nicos, por ejemplo envi\u00e1ndonos un email, rellenando un formulario de contacto, un formulario de suscripci\u00f3n o un formulario de registro de clientes.<\/p>\n<p>&nbsp;<\/p>\n<p>Adem\u00e1s, podemos recibir datos personales sobre usted de terceros, tales como empresas que hayamos contratado para prestarle un servicio o empresas implicadas en el servicio contratado o el producto adquirido.<\/p>\n<p>&nbsp;<\/p>\n<p><strong>QU\u00c9 DATOS PERSONALES RECABAMOS<\/strong><\/p>\n<p><strong>\u00a0<\/strong><\/p>\n<p>Cuando utilice nuestros servicios o adquiera nuestros productos tendr\u00e1 que proporcionarnos sus datos personales.<\/p>\n<p>&nbsp;<\/p>\n<p>Recabamos las siguientes categor\u00edas de datos personales:<\/p>\n<p>&nbsp;<\/p>\n<p>Datos que usted proporcione al titular para gestionar una consulta, mediante email, formularios, tel\u00e9fono o entrevista personal.<\/p>\n<p>Datos que usted proporcione al titular para completar y gestionar un servicio que haya contratado con nosotros, o el producto que haya adquirido, incluyendo datos de cuenta bancaria e informaci\u00f3n de pago.<\/p>\n<p>Es posible que recabemos cierta informaci\u00f3n como por ejemplo su interacci\u00f3n con colaboradores del titular.<\/p>\n<p>Datos sobre los servicios que le hayamos prestado en el pasado.<\/p>\n<p>Datos sobre sus registros online y otras interacciones online.<\/p>\n<p>Datos sobre la navegaci\u00f3n y uso que haga de nuestros sitio web, aplicaciones para m\u00f3vil y actividad comercial o de atenci\u00f3n al cliente.<\/p>\n<p>Cookies (ver Pol\u00edtica de Cookies).<\/p>\n<p>&nbsp;<\/p>\n<p><strong>POL\u00cdTICA DE COOKIES<\/strong><\/p>\n<p>&nbsp;<\/p>\n<p>Utilizamos cookies propias y de terceros para mejorar nuestros servicios y mostrarle informaci\u00f3n y publicidad relacionada con sus preferencias mediante el an\u00e1lisis de sus h\u00e1bitos de navegaci\u00f3n.<\/p>\n<p>&nbsp;<\/p>\n<p>Cookie es un fichero que se descarga en su ordenador al acceder a determinadas p\u00e1ginas web. Las cookies permiten a una p\u00e1gina web, entre otras cosas, almacenar y recuperar informaci\u00f3n sobre los h\u00e1bitos de navegaci\u00f3n de un Usuario o de su equipo y, dependiendo de la informaci\u00f3n que contengan y de la forma en que utilice su equipo, pueden utilizarse para reconocer al Usuario. El navegador del Usuario memoriza cookies en el disco duro solamente durante la sesi\u00f3n actual ocupando un espacio de memoria m\u00ednimo y no perjudicando al ordenador. Las cookies no contienen ninguna clase de informaci\u00f3n personal espec\u00edfica, y la mayor\u00eda de las mismas se borran del disco duro al finalizar la sesi\u00f3n de navegador (las denominadas cookies de sesi\u00f3n).<\/p>\n<p>&nbsp;<\/p>\n<p>La mayor\u00eda de los navegadores aceptan como est\u00e1ndar a las cookies y, con independencia de las mismas, permiten o impiden en los ajustes de seguridad las cookies temporales o memorizadas.<\/p>\n<p>&nbsp;<\/p>\n<p>Sin su expreso consentimiento -mediante la activaci\u00f3n de las cookies en su propio navegador- el titular no enlazar\u00e1 en las cookies los datos memorizados con sus datos personales proporcionados en el momento del registro o la compra.<\/p>\n<p>&nbsp;<\/p>\n<p>\u00bfQu\u00e9 tipos de cookies utiliza esta p\u00e1gina web?<\/p>\n<p>&nbsp;<\/p>\n<p>Cookies t\u00e9cnicas:<\/p>\n<p>Son aqu\u00e9llas que permiten al Usuario la navegaci\u00f3n a trav\u00e9s de una p\u00e1gina web, plataforma o aplicaci\u00f3n y la utilizaci\u00f3n de las diferentes opciones o servicios que en ella existan como, por ejemplo, controlar el tr\u00e1fico y la comunicaci\u00f3n de datos, identificar la sesi\u00f3n, acceder a partes de acceso restringido, recordar los elementos que integran un pedido, realizar el proceso de compra de un pedido, realizar la solicitud de inscripci\u00f3n o participaci\u00f3n en un evento, utilizar elementos de seguridad durante la navegaci\u00f3n, almacenar contenidos para la difusi\u00f3n de videos o sonido o compartir contenidos a trav\u00e9s de redes sociales.<\/p>\n<p>&nbsp;<\/p>\n<p>Cookies de personalizaci\u00f3n:<\/p>\n<p>Son aqu\u00e9llas que permiten al Usuario acceder al servicio con algunas caracter\u00edsticas de car\u00e1cter general predefinidas en funci\u00f3n de una serie de criterios en el terminal del Usuario como por ejemplo serian el idioma, el tipo de navegador a trav\u00e9s del cual accede al servicio, la configuraci\u00f3n regional desde donde accede al servicio, etc.<\/p>\n<p>&nbsp;<\/p>\n<p>Cookies de an\u00e1lisis:<\/p>\n<p>Son aqu\u00e9llas que bien tratadas por nosotros o por terceros, nos permiten cuantificar el n\u00famero de Usuarios y as\u00ed realizar la medici\u00f3n y an\u00e1lisis estad\u00edstico de la utilizaci\u00f3n que hacen los Usuarios del servicio ofertado. Para ello se analiza su navegaci\u00f3n en nuestra p\u00e1gina web con el fin de mejorar la oferta de productos o servicios que le ofrecemos.<\/p>\n<p>&nbsp;<\/p>\n<p>Cookies publicitarias:<\/p>\n<p>Son aqu\u00e9llas que, bien tratadas por nosotros o por terceros, nos permiten gestionar de la forma m\u00e1s eficaz posible la oferta de los espacios publicitarios que hay en la p\u00e1gina web, adecuando el contenido del anuncio al contenido del servicio solicitado o al uso que realice de nuestra p\u00e1gina web. Para ello podemos analizar sus h\u00e1bitos de navegaci\u00f3n en Internet y podemos mostrarle publicidad relacionada con su perfil de navegaci\u00f3n.<\/p>\n<p>&nbsp;<\/p>\n<p>Cookies de publicidad comportamental:<\/p>\n<p>Son aqu\u00e9llas que permiten la gesti\u00f3n, de la forma m\u00e1s eficaz posible, de los espacios publicitarios que, en su caso, el editor haya incluido en una p\u00e1gina web, aplicaci\u00f3n o plataforma desde la que presta el servicio solicitado. Estas cookies almacenan informaci\u00f3n del comportamiento de los Usuarios obtenida a trav\u00e9s de la observaci\u00f3n continuada de sus h\u00e1bitos de navegaci\u00f3n, lo que permite desarrollar un perfil espec\u00edfico para mostrar publicidad en funci\u00f3n del mismo.<\/p>\n<p>&nbsp;<\/p>\n<p>Cookies de terceros:<\/p>\n<p>Esta web puede utilizar servicios de terceros que, por cuenta del titular, recopilen informaci\u00f3n con fines estad\u00edsticos, de uso de la web por parte del Usuario y para la prestaci\u00f3n de otros servicios relacionados con nuestra actividad.<\/p>\n<p>&nbsp;<\/p>\n<p>En particular, este sitio web utiliza Google Analytics, un servicio anal\u00edtico de web prestado por Google, Inc. con domicilio en los Estados Unidos con sede central en 1600 AmphitheatreParkway, Mountain View, California 94043. Para la prestaci\u00f3n de estos servicios se utilizan cookies que recopilan la informaci\u00f3n, incluida la direcci\u00f3n IP del Usuario, que ser\u00e1 transmitida, tratada y almacenada por Google en los t\u00e9rminos fijados en la web Google.com. Incluyendo la posible transmisi\u00f3n de dicha informaci\u00f3n a terceros por razones de exigencia legal o cuando dichos terceros procesen la informaci\u00f3n por cuenta de Google.<\/p>\n<p>&nbsp;<\/p>\n<p>Usted puede rechazar el tratamiento de tales datos o informaci\u00f3n rechazando el uso de cookies mediante la selecci\u00f3n de la configuraci\u00f3n apropiada a tal fin en su navegador. Si bien esta opci\u00f3n de bloqueo de cookies en su navegador puede no permitirle el uso pleno de todas las funcionalidades de nuestra web.<\/p>\n<p>&nbsp;<\/p>\n<p>Puede usted permitir, bloquear o eliminar las cookies instaladas en su equipo mediante la configuraci\u00f3n de las opciones del navegador instalado en su ordenador.<\/p>\n<p>&nbsp;<\/p>\n<p><strong>EXACTITUD Y VERACIDAD DE LOS DATOS<\/strong><\/p>\n<p>&nbsp;<\/p>\n<p>Como usuario, usted el \u00fanico responsable de la veracidad y correcci\u00f3n de los datos que facilite, exonerando al titular \u00a0de cualquier responsabilidad al respecto.<\/p>\n<p>&nbsp;<\/p>\n<p>Los usuarios garantizan y responden, en cualquier caso, de la exactitud, vigencia y autenticidad de los datos personales facilitados, y se comprometen a mantenerlos debidamente actualizados. El usuario acepta proporcionar informaci\u00f3n completa y correcta en el formulario de contacto o suscripci\u00f3n.<\/p>\n<p><strong>\u00a0<\/strong><\/p>\n<p><strong>NAVEGACI\u00d3N WEB<\/strong><\/p>\n<p>&nbsp;<\/p>\n<p>Al navegar por esta web se pueden recoger datos no identificables, que pueden incluir direcciones IP, ubicaci\u00f3n geogr\u00e1fica aproximada, un registro de c\u00f3mo se utilizan los servicios y sitios, y otros datos que no pueden ser utilizados para identificar al usuario. Entre los datos no identificativos est\u00e1n tambi\u00e9n los relacionados a tus h\u00e1bitos de navegaci\u00f3n a trav\u00e9s de servicios de terceros.<\/p>\n<p>&nbsp;<\/p>\n<p>Utilizamos esta informaci\u00f3n para analizar tendencias, administrar el sitio, rastrear los movimientos de los usuarios alrededor del sitio y para recopilar informaci\u00f3n demogr\u00e1fica sobre nuestra base de usuarios en su conjunto.<\/p>\n<p>&nbsp;<\/p>\n<p><strong>\u00bfPARA QU\u00c9 UTILIZAMOS SUS DATOS PERSONALES?<\/strong><\/p>\n<p>&nbsp;<\/p>\n<p>Cuando un usuario se conecta con esta web para mandar un correo al titular, suscribirse o realizar alguna contrataci\u00f3n, est\u00e1 facilitando informaci\u00f3n de car\u00e1cter personal de la que es responsable el titular. Esa informaci\u00f3n puede incluir datos de car\u00e1cter personal como pueden ser su direcci\u00f3n IP, nombre, direcci\u00f3n f\u00edsica, email, n\u00famero de tel\u00e9fono, y otra informaci\u00f3n. Al facilitar esta informaci\u00f3n, el usuario da su consentimiento para que su informaci\u00f3n sea recopilada, utilizada, gestionada y almacenada por el titular, s\u00f3lo como se describe en el Aviso Legal y en la presente Pol\u00edtica de Privacidad.<\/p>\n<p>[\/vc_column_text][\/vc_column_inner][vc_column_inner width=\u00bb1\/2&#8243;][vc_column_text]<\/p>\n<p>&nbsp;<\/p>\n<p>&nbsp;<\/p>\n<p>[\/vc_column_text][\/vc_column_inner][\/vc_row_inner][vc_empty_space height=\u00bb100px\u00bb][\/vc_column][\/vc_row]<\/p>\n<\/div>","protected":false},"excerpt":{"rendered":"<p>[vc_row row_type=\u00bbrow\u00bb use_row_as_full_screen_section=\u00bbno\u00bb type=\u00bbfull_width\u00bb text_align=\u00bbleft\u00bb background_animation=\u00bbnone\u00bb css_animation=\u00bb\u00bb][vc_column][vc_empty_space height=\u00bb20px\u00bb][vc_column_text] &nbsp; &nbsp; [\/vc_column_text][vc_empty_space height=\u00bb80px\u00bb][vc_row_inner row_type=\u00bbrow\u00bb type=\u00bbfull_width\u00bb use_row_as_full_screen_section_slide=\u00bbno\u00bb text_align=\u00bbleft\u00bb css_animation=\u00bb\u00bb][vc_column_inner width=\u00bb1\/2&#8243;][vc_column_text] El responsable de esta web ha adecuado la web a las exigencias del Reglamento (UE) 2016\/679 del Parlamento Europeo y del Consejo de 27 de abril de&#8230;<\/p>\n","protected":false},"author":2,"featured_media":0,"parent":0,"menu_order":0,"comment_status":"closed","ping_status":"closed","template":"","meta":{"footnotes":""},"class_list":["post-2036","page","type-page","status-publish","hentry"],"yoast_head":"<!-- This site is optimized with the Yoast SEO plugin v27.2 - https:\/\/yoast.com\/product\/yoast-seo-wordpress\/ -->\n<title>Pol\u00edtica de Privacitat - Viu el M\u00f3n<\/title>\n<meta name=\"robots\" content=\"index, follow, max-snippet:-1, max-image-preview:large, max-video-preview:-1\" \/>\n<link rel=\"canonical\" href=\"https:\/\/viuelmon.com\/es\/politica-de-privacitat\/\" \/>\n<meta property=\"og:locale\" content=\"es_ES\" \/>\n<meta property=\"og:type\" content=\"article\" \/>\n<meta property=\"og:title\" content=\"Pol\u00edtica de Privacitat - Viu el M\u00f3n\" \/>\n<meta property=\"og:description\" content=\"[vc_row row_type=\u00bbrow\u00bb use_row_as_full_screen_section=\u00bbno\u00bb type=\u00bbfull_width\u00bb text_align=\u00bbleft\u00bb background_animation=\u00bbnone\u00bb css_animation=\u00bb\u00bb][vc_column][vc_empty_space height=\u00bb20px\u00bb][vc_column_text] &nbsp; &nbsp; [\/vc_column_text][vc_empty_space height=\u00bb80px\u00bb][vc_row_inner row_type=\u00bbrow\u00bb type=\u00bbfull_width\u00bb use_row_as_full_screen_section_slide=\u00bbno\u00bb text_align=\u00bbleft\u00bb css_animation=\u00bb\u00bb][vc_column_inner width=\u00bb1\/2&#8243;][vc_column_text] El responsable de esta web ha adecuado la web a las exigencias del Reglamento (UE) 2016\/679 del Parlamento Europeo y del Consejo de 27 de abril de...\" \/>\n<meta property=\"og:url\" content=\"https:\/\/viuelmon.com\/es\/politica-de-privacitat\/\" \/>\n<meta property=\"og:site_name\" content=\"Viu el M\u00f3n\" \/>\n<meta property=\"article:publisher\" content=\"https:\/\/www.facebook.com\/viuelmonviatges\" \/>\n<meta property=\"article:modified_time\" content=\"2022-05-23T13:38:16+00:00\" \/>\n<meta name=\"twitter:card\" content=\"summary_large_image\" \/>\n<meta name=\"twitter:label1\" content=\"Tiempo de lectura\" \/>\n\t<meta name=\"twitter:data1\" content=\"11 minutos\" \/>\n<script type=\"application\/ld+json\" class=\"yoast-schema-graph\">{\"@context\":\"https:\/\/schema.org\",\"@graph\":[{\"@type\":\"WebPage\",\"@id\":\"https:\/\/viuelmon.com\/es\/politica-de-privacitat\/\",\"url\":\"https:\/\/viuelmon.com\/es\/politica-de-privacitat\/\",\"name\":\"Pol\u00edtica de Privacitat - Viu el M\u00f3n\",\"isPartOf\":{\"@id\":\"https:\/\/viuelmon.com\/es\/#website\"},\"datePublished\":\"2022-05-23T13:38:15+00:00\",\"dateModified\":\"2022-05-23T13:38:16+00:00\",\"breadcrumb\":{\"@id\":\"https:\/\/viuelmon.com\/es\/politica-de-privacitat\/#breadcrumb\"},\"inLanguage\":\"es\",\"potentialAction\":[{\"@type\":\"ReadAction\",\"target\":[\"https:\/\/viuelmon.com\/es\/politica-de-privacitat\/\"]}]},{\"@type\":\"BreadcrumbList\",\"@id\":\"https:\/\/viuelmon.com\/es\/politica-de-privacitat\/#breadcrumb\",\"itemListElement\":[{\"@type\":\"ListItem\",\"position\":1,\"name\":\"Inici\",\"item\":\"https:\/\/viuelmon.com\/es\/inicio\/\"},{\"@type\":\"ListItem\",\"position\":2,\"name\":\"Pol\u00edtica de Privacitat\"}]},{\"@type\":\"WebSite\",\"@id\":\"https:\/\/viuelmon.com\/es\/#website\",\"url\":\"https:\/\/viuelmon.com\/es\/\",\"name\":\"Viu el M\u00f3n\",\"description\":\"\",\"publisher\":{\"@id\":\"https:\/\/viuelmon.com\/es\/#organization\"},\"potentialAction\":[{\"@type\":\"SearchAction\",\"target\":{\"@type\":\"EntryPoint\",\"urlTemplate\":\"https:\/\/viuelmon.com\/es\/?s={search_term_string}\"},\"query-input\":{\"@type\":\"PropertyValueSpecification\",\"valueRequired\":true,\"valueName\":\"search_term_string\"}}],\"inLanguage\":\"es\"},{\"@type\":\"Organization\",\"@id\":\"https:\/\/viuelmon.com\/es\/#organization\",\"name\":\"Viu el M\u00f3n\",\"url\":\"https:\/\/viuelmon.com\/es\/\",\"logo\":{\"@type\":\"ImageObject\",\"inLanguage\":\"es\",\"@id\":\"https:\/\/viuelmon.com\/es\/#\/schema\/logo\/image\/\",\"url\":\"https:\/\/viuelmon.com\/wp-content\/uploads\/2020\/06\/Logo-Viu-el-mon-500.png\",\"contentUrl\":\"https:\/\/viuelmon.com\/wp-content\/uploads\/2020\/06\/Logo-Viu-el-mon-500.png\",\"width\":500,\"height\":155,\"caption\":\"Viu el M\u00f3n\"},\"image\":{\"@id\":\"https:\/\/viuelmon.com\/es\/#\/schema\/logo\/image\/\"},\"sameAs\":[\"https:\/\/www.facebook.com\/viuelmonviatges\",\"https:\/\/www.instagram.com\/viuelmon\",\"https:\/\/www.youtube.com\/channel\/UCwlbjzHoMlFAZkvtlUuYFhg\"]}]}<\/script>\n<!-- \/ Yoast SEO plugin. -->","yoast_head_json":{"title":"Pol\u00edtica de Privacitat - Viu el M\u00f3n","robots":{"index":"index","follow":"follow","max-snippet":"max-snippet:-1","max-image-preview":"max-image-preview:large","max-video-preview":"max-video-preview:-1"},"canonical":"https:\/\/viuelmon.com\/es\/politica-de-privacitat\/","og_locale":"es_ES","og_type":"article","og_title":"Pol\u00edtica de Privacitat - Viu el M\u00f3n","og_description":"[vc_row row_type=\u00bbrow\u00bb use_row_as_full_screen_section=\u00bbno\u00bb type=\u00bbfull_width\u00bb text_align=\u00bbleft\u00bb background_animation=\u00bbnone\u00bb css_animation=\u00bb\u00bb][vc_column][vc_empty_space height=\u00bb20px\u00bb][vc_column_text] &nbsp; &nbsp; [\/vc_column_text][vc_empty_space height=\u00bb80px\u00bb][vc_row_inner row_type=\u00bbrow\u00bb type=\u00bbfull_width\u00bb use_row_as_full_screen_section_slide=\u00bbno\u00bb text_align=\u00bbleft\u00bb css_animation=\u00bb\u00bb][vc_column_inner width=\u00bb1\/2&#8243;][vc_column_text] El responsable de esta web ha adecuado la web a las exigencias del Reglamento (UE) 2016\/679 del Parlamento Europeo y del Consejo de 27 de abril de...","og_url":"https:\/\/viuelmon.com\/es\/politica-de-privacitat\/","og_site_name":"Viu el M\u00f3n","article_publisher":"https:\/\/www.facebook.com\/viuelmonviatges","article_modified_time":"2022-05-23T13:38:16+00:00","twitter_card":"summary_large_image","twitter_misc":{"Tiempo de lectura":"11 minutos"},"schema":{"@context":"https:\/\/schema.org","@graph":[{"@type":"WebPage","@id":"https:\/\/viuelmon.com\/es\/politica-de-privacitat\/","url":"https:\/\/viuelmon.com\/es\/politica-de-privacitat\/","name":"Pol\u00edtica de Privacitat - Viu el M\u00f3n","isPartOf":{"@id":"https:\/\/viuelmon.com\/es\/#website"},"datePublished":"2022-05-23T13:38:15+00:00","dateModified":"2022-05-23T13:38:16+00:00","breadcrumb":{"@id":"https:\/\/viuelmon.com\/es\/politica-de-privacitat\/#breadcrumb"},"inLanguage":"es","potentialAction":[{"@type":"ReadAction","target":["https:\/\/viuelmon.com\/es\/politica-de-privacitat\/"]}]},{"@type":"BreadcrumbList","@id":"https:\/\/viuelmon.com\/es\/politica-de-privacitat\/#breadcrumb","itemListElement":[{"@type":"ListItem","position":1,"name":"Inici","item":"https:\/\/viuelmon.com\/es\/inicio\/"},{"@type":"ListItem","position":2,"name":"Pol\u00edtica de Privacitat"}]},{"@type":"WebSite","@id":"https:\/\/viuelmon.com\/es\/#website","url":"https:\/\/viuelmon.com\/es\/","name":"Viu el M\u00f3n","description":"","publisher":{"@id":"https:\/\/viuelmon.com\/es\/#organization"},"potentialAction":[{"@type":"SearchAction","target":{"@type":"EntryPoint","urlTemplate":"https:\/\/viuelmon.com\/es\/?s={search_term_string}"},"query-input":{"@type":"PropertyValueSpecification","valueRequired":true,"valueName":"search_term_string"}}],"inLanguage":"es"},{"@type":"Organization","@id":"https:\/\/viuelmon.com\/es\/#organization","name":"Viu el M\u00f3n","url":"https:\/\/viuelmon.com\/es\/","logo":{"@type":"ImageObject","inLanguage":"es","@id":"https:\/\/viuelmon.com\/es\/#\/schema\/logo\/image\/","url":"https:\/\/viuelmon.com\/wp-content\/uploads\/2020\/06\/Logo-Viu-el-mon-500.png","contentUrl":"https:\/\/viuelmon.com\/wp-content\/uploads\/2020\/06\/Logo-Viu-el-mon-500.png","width":500,"height":155,"caption":"Viu el M\u00f3n"},"image":{"@id":"https:\/\/viuelmon.com\/es\/#\/schema\/logo\/image\/"},"sameAs":["https:\/\/www.facebook.com\/viuelmonviatges","https:\/\/www.instagram.com\/viuelmon","https:\/\/www.youtube.com\/channel\/UCwlbjzHoMlFAZkvtlUuYFhg"]}]}},"_links":{"self":[{"href":"https:\/\/viuelmon.com\/es\/wp-json\/wp\/v2\/pages\/2036","targetHints":{"allow":["GET"]}}],"collection":[{"href":"https:\/\/viuelmon.com\/es\/wp-json\/wp\/v2\/pages"}],"about":[{"href":"https:\/\/viuelmon.com\/es\/wp-json\/wp\/v2\/types\/page"}],"author":[{"embeddable":true,"href":"https:\/\/viuelmon.com\/es\/wp-json\/wp\/v2\/users\/2"}],"replies":[{"embeddable":true,"href":"https:\/\/viuelmon.com\/es\/wp-json\/wp\/v2\/comments?post=2036"}],"version-history":[{"count":0,"href":"https:\/\/viuelmon.com\/es\/wp-json\/wp\/v2\/pages\/2036\/revisions"}],"wp:attachment":[{"href":"https:\/\/viuelmon.com\/es\/wp-json\/wp\/v2\/media?parent=2036"}],"curies":[{"name":"wp","href":"https:\/\/api.w.org\/{rel}","templated":true}]}}